{"id":115,"date":"2023-10-18T19:05:36","date_gmt":"2023-10-18T19:05:36","guid":{"rendered":"https:\/\/gobigwebdesign.com\/?page_id=115"},"modified":"2023-10-18T20:27:54","modified_gmt":"2023-10-18T20:27:54","slug":"contacto","status":"publish","type":"page","link":"https:\/\/gobigwebdesign.com\/es\/contacto\/","title":{"rendered":"Contacto"},"content":{"rendered":"<p>[et_pb_section fb_built=&#8221;1&#8243; custom_padding_last_edited=&#8221;on|phone&#8221; admin_label=&#8221;Header&#8221; _builder_version=&#8221;4.22.1&#8243; _module_preset=&#8221;default&#8221; background_color=&#8221;gcid-8020c5c5-3063-43d3-92c5-9fcdd948cb76&#8243; overflow-x=&#8221;hidden&#8221; overflow-y=&#8221;hidden&#8221; custom_padding_tablet=&#8221;&#8221; custom_padding_phone=&#8221;0px||||false|false&#8221; locked=&#8221;off&#8221; collapsed=&#8221;on&#8221; global_colors_info=&#8221;{%22gcid-8020c5c5-3063-43d3-92c5-9fcdd948cb76%22:%91%22background_color%22%93}&#8221; custom_padding=&#8221;31px|||||&#8221;][et_pb_row _builder_version=&#8221;4.22.1&#8243; _module_preset=&#8221;default&#8221; global_colors_info=&#8221;{}&#8221;][et_pb_column type=&#8221;4_4&#8243; _builder_version=&#8221;4.22.1&#8243; _module_preset=&#8221;default&#8221; global_colors_info=&#8221;{}&#8221;][et_pb_text _builder_version=&#8221;4.22.1&#8243; _module_preset=&#8221;default&#8221; text_font=&#8221;Poppins||||||||&#8221; text_text_color=&#8221;#FFFFFF&#8221; text_font_size=&#8221;16px&#8221; text_orientation=&#8221;center&#8221; global_colors_info=&#8221;{}&#8221;]<\/p>\n<p>Nos especializamos en el desarrollo web que hace realidad su visi\u00f3n. Desde peque\u00f1os proyectos personales hasta proyectos comerciales a gran escala, entendemos la importancia de acertar en cada detalle. Entonces, \u00bfpor qu\u00e9 esperar m\u00e1s? D\u00e9 el primer paso hacia el \u00e9xito en l\u00ednea y comun\u00edquese con nosotros hoy. Perm\u00edtanos transformar sus ideas en realidad y ayudar a que su negocio alcance nuevas alturas. Cont\u00e1ctenos ahora y comencemos su viaje de desarrollo web.<\/p>\n<p>[\/et_pb_text][\/et_pb_column][\/et_pb_row][et_pb_row make_equal=&#8221;on&#8221; custom_padding_last_edited=&#8221;on|phone&#8221; _builder_version=&#8221;4.22.1&#8243; _module_preset=&#8221;default&#8221; background_color=&#8221;#FFFFFF&#8221; background_enable_color=&#8221;off&#8221; use_background_color_gradient=&#8221;on&#8221; background_color_gradient_type=&#8221;circular&#8221; background_color_gradient_direction_radial=&#8221;top left&#8221; background_color_gradient_stops=&#8221;#ffffff 0%|rgba(255,255,255,0.74) 68%|rgba(255,255,255,0) 97%&#8221; background_image=&#8221;https:\/\/gobigwebdesign.com\/wp-content\/uploads\/2023\/10\/bg-sites.jpg&#8221; background_blend=&#8221;lighten&#8221; display_conditions=&#8221;W10=&#8221; custom_margin=&#8221;||30px||false|false&#8221; custom_padding=&#8221;50px|60px|50px|60px|true|true&#8221; custom_padding_tablet=&#8221;8vw|30px|8vw|30px|true|false&#8221; custom_padding_phone=&#8221;|20px||20px|true|true&#8221; border_radii=&#8221;on|20px|20px|20px|20px&#8221; saved_tabs=&#8221;all&#8221; locked=&#8221;off&#8221; global_colors_info=&#8221;{}&#8221;][et_pb_column type=&#8221;4_4&#8243; _builder_version=&#8221;4.22.1&#8243; _module_preset=&#8221;default&#8221; custom_padding=&#8221;|35%|||false|false&#8221; custom_padding_tablet=&#8221;||||false|false&#8221; custom_padding_phone=&#8221;|0px|||false|false&#8221; custom_padding_last_edited=&#8221;on|phone&#8221; global_colors_info=&#8221;{}&#8221;][et_pb_text _builder_version=&#8221;4.22.1&#8243; _module_preset=&#8221;387cbcd6-fa55-4932-9191-5f77ac8e1457&#8243; header_2_font_size=&#8221;48px&#8221; custom_margin=&#8221;||10px||false|false&#8221; locked=&#8221;off&#8221; global_colors_info=&#8221;{}&#8221;]<\/p>\n<h2>Contacto<\/h2>\n<p>[\/et_pb_text][ws_form_divi form_id=\u201d01\u2033 _builder_version=\u201d4.22.1\u2033 _module_preset=\u201ddefault\u201d custom_margin=\u201d10px|||||\u201d global_colors_info=\u201d{}\u201d][\/ws_form_divi][\/et_pb_column][\/et_pb_row][\/et_pb_section]<\/p>","protected":false},"excerpt":{"rendered":"<p>Nos especializamos en el desarrollo web que hace realidad su visi\u00f3n. Desde peque\u00f1os proyectos personales hasta proyectos comerciales a gran escala, entendemos la importancia de acertar en cada detalle. Entonces, \u00bfpor qu\u00e9 esperar m\u00e1s? D\u00e9 el primer paso hacia el \u00e9xito en l\u00ednea y comun\u00edquese con nosotros hoy. Transformemos tus ideas en realidad y [\u2026]<\/p>","protected":false},"author":1,"featured_media":0,"parent":0,"menu_order":0,"comment_status":"closed","ping_status":"closed","template":"","meta":{"_et_pb_use_builder":"on","_et_pb_old_content":"","_et_gb_content_width":"","footnotes":""},"class_list":["post-115","page","type-page","status-publish","hentry"],"jetpack_sharing_enabled":true,"_links":{"self":[{"href":"https:\/\/gobigwebdesign.com\/es\/wp-json\/wp\/v2\/pages\/115","targetHints":{"allow":["GET"]}}],"collection":[{"href":"https:\/\/gobigwebdesign.com\/es\/wp-json\/wp\/v2\/pages"}],"about":[{"href":"https:\/\/gobigwebdesign.com\/es\/wp-json\/wp\/v2\/types\/page"}],"author":[{"embeddable":true,"href":"https:\/\/gobigwebdesign.com\/es\/wp-json\/wp\/v2\/users\/1"}],"replies":[{"embeddable":true,"href":"https:\/\/gobigwebdesign.com\/es\/wp-json\/wp\/v2\/comments?post=115"}],"version-history":[{"count":0,"href":"https:\/\/gobigwebdesign.com\/es\/wp-json\/wp\/v2\/pages\/115\/revisions"}],"wp:attachment":[{"href":"https:\/\/gobigwebdesign.com\/es\/wp-json\/wp\/v2\/media?parent=115"}],"curies":[{"name":"Gracias","href":"https:\/\/api.w.org\/{rel}","templated":true}]}}