{"id":162,"date":"2023-10-18T20:50:12","date_gmt":"2023-10-18T20:50:12","guid":{"rendered":"https:\/\/gobigwebdesign.com\/?page_id=162"},"modified":"2023-10-27T00:31:17","modified_gmt":"2023-10-27T00:31:17","slug":"servicios","status":"publish","type":"page","link":"https:\/\/gobigwebdesign.com\/es\/servicios\/","title":{"rendered":"Servicios"},"content":{"rendered":"<h2>Servicios de desarrollo, dise\u00f1o y marketing web<\/h2>\n<p>Esta p\u00e1gina y sus subp\u00e1ginas brindan una lista extensa de nuestros diversos servicios, incluidos trabajos de peque\u00f1a escala y proyectos grandes e complejos. Nuestro compromiso con la innovaci\u00f3n y la satisfacci\u00f3n del cliente garantiza que esta secci\u00f3n se actualice peri\u00f3dicamente para mostrar nuevos proyectos y servicios que nos entusiasma compartir. Al compartir nuestras experiencias de la vida real con los proyectos de nuestros clientes, deseamos mostrarle las soluciones que hemos construido para ellos. Es importante tener en cuenta que, si bien esta secci\u00f3n proporciona una descripci\u00f3n general de los servicios que ofrecemos, entendemos que las necesidades de cada cliente son \u00fanicas. El hecho de que un servicio espec\u00edfico no est\u00e9 listado expl\u00edcitamente aqu\u00ed no significa que no lo ofrezcamos. En esencia, estamos dedicados a satisfacer y superar sus requisitos individuales.<\/p>","protected":false},"excerpt":{"rendered":"<p>Servicios de desarrollo, dise\u00f1o y marketing web Esta p\u00e1gina y sus subp\u00e1ginas ofrecen una lista extensa de nuestros diversos servicios, que incluyen tanto trabajos a peque\u00f1a escala como proyectos grandes y complejos. Nuestro compromiso con la innovaci\u00f3n y la satisfacci\u00f3n del cliente garantiza que esta secci\u00f3n se actualice peri\u00f3dicamente para mostrar nuevos proyectos y servicios que nos entusiasma compartir. Al compartir nuestros [\u2026]<\/p>","protected":false},"author":1,"featured_media":189,"parent":0,"menu_order":0,"comment_status":"closed","ping_status":"closed","template":"","meta":{"_et_pb_use_builder":"","_et_pb_old_content":"","_et_gb_content_width":"","footnotes":""},"class_list":["post-162","page","type-page","status-publish","has-post-thumbnail","hentry"],"jetpack_sharing_enabled":true,"_links":{"self":[{"href":"https:\/\/gobigwebdesign.com\/es\/wp-json\/wp\/v2\/pages\/162","targetHints":{"allow":["GET"]}}],"collection":[{"href":"https:\/\/gobigwebdesign.com\/es\/wp-json\/wp\/v2\/pages"}],"about":[{"href":"https:\/\/gobigwebdesign.com\/es\/wp-json\/wp\/v2\/types\/page"}],"author":[{"embeddable":true,"href":"https:\/\/gobigwebdesign.com\/es\/wp-json\/wp\/v2\/users\/1"}],"replies":[{"embeddable":true,"href":"https:\/\/gobigwebdesign.com\/es\/wp-json\/wp\/v2\/comments?post=162"}],"version-history":[{"count":0,"href":"https:\/\/gobigwebdesign.com\/es\/wp-json\/wp\/v2\/pages\/162\/revisions"}],"wp:featuredmedia":[{"embeddable":true,"href":"https:\/\/gobigwebdesign.com\/es\/wp-json\/wp\/v2\/media\/189"}],"wp:attachment":[{"href":"https:\/\/gobigwebdesign.com\/es\/wp-json\/wp\/v2\/media?parent=162"}],"curies":[{"name":"Gracias","href":"https:\/\/api.w.org\/{rel}","templated":true}]}}