{"id":202,"date":"2023-10-27T00:47:40","date_gmt":"2023-10-27T00:47:40","guid":{"rendered":"https:\/\/gobigwebdesign.com\/?page_id=202"},"modified":"2023-11-13T16:09:19","modified_gmt":"2023-11-13T16:09:19","slug":"migracion-de-sitios-web","status":"publish","type":"page","link":"https:\/\/gobigwebdesign.com\/es\/servicios\/migracion-de-sitios-web\/","title":{"rendered":"Migraci\u00f3n de sitios web"},"content":{"rendered":"<p>Es impresionante la frecuencia con la que los clientes terminan cambiando de empresa de alojamiento web, de agencia de gesti\u00f3n web o de ambas.<\/p>\n<p>Evidentemente, un cliente que necesita migrar su sitio web a otra empresa de hosting o agencia gestora ya implica que ya tiene un sitio web. Por lo general, no se comunican con nosotros cuando necesitan construir su sitio. La mayor\u00eda de estos clientes suelen tener algo en com\u00fan; frustraci\u00f3n.<\/p>\n<p>Conozca c\u00f3mo migramos el sitio web de m\u00e1s de 600 p\u00e1ginas de un cliente y lo logramos desde 0 p\u00e1ginas indexadas en Google hasta estar en la primera p\u00e1gina en cuesti\u00f3n de semanas. <a href=\"\/es\/historias-de-exito-de-sitios-web\/migracion-de-sitios-web-y-hosting\/\">Haga clic aqu\u00ed.<\/a><\/p>\n<h2>C\u00f3mo migramos sitios web<\/h2>\n<p>La migraci\u00f3n de un sitio web puede ser una tarea desalentadora, pero a menudo es un paso necesario para mejorar su presencia en l\u00ednea. Entendemos las frustraciones que pueden surgir cuando necesita migrar su sitio web a una nueva empresa de hosting o agencia administradora. Nuestro objetivo es hacer que este proceso sea simple, r\u00e1pido y rentable para usted.<\/p>\n<p>Ya sea que su sitio web necesite migrarse debido a plataformas o complementos obsoletos, o simplemente desee cambiar a una empresa de alojamiento m\u00e1s confiable, tenemos la experiencia para manejarlo sin problemas. Priorizamos preservar las estructuras de URL de su sitio web y la clasificaci\u00f3n en los motores de b\u00fasqueda, asegur\u00e1ndonos de que no pierda visibilidad en los resultados de b\u00fasqueda de Google.<\/p>\n<p>Hemos migrado con \u00e9xito sitios web de varios tama\u00f1os, desde sitios peque\u00f1os de 6 p\u00e1ginas hasta sitios extensos con m\u00e1s de 600 p\u00e1ginas. Nuestro enfoque meticuloso y atenci\u00f3n al detalle garantizan una transici\u00f3n perfecta para su sitio web, minimizando cualquier posible tiempo de inactividad o interrupciones.<\/p>\n<p>Si est\u00e1 frustrado con los lentos tiempos de carga de su empresa de alojamiento actual o la falta de comunicaci\u00f3n abierta con su agencia administradora, es hora de hacer un cambio. No caiga en estrategias de marketing enga\u00f1osas ni se quede fuera de su propio sitio web. Como propietario de su sitio web, merece tener acceso y control total de administrador.<\/p>\n<p>Priorizamos la transparencia, la comunicaci\u00f3n abierta y la entrega de resultados excepcionales. Hemos escuchado innumerables historias de clientes cuyos sitios web fueron rehenes de sus empresas gestoras, impidi\u00e9ndoles realizar los cambios necesarios. Con nosotros puedes confiar en que tu sitio web est\u00e1 en buenas manos.<\/p>\n<p>D\u00e9 el primer paso hacia una migraci\u00f3n exitosa de su sitio web comunic\u00e1ndose con nosotros hoy. Ning\u00fan proyecto es demasiado peque\u00f1o o demasiado grande para nosotros. Estamos comprometidos a ayudarlo a elevar su presencia en l\u00ednea y lograr sus objetivos comerciales. <a href=\"https:\/\/gobigwebdesign.com\/es\/contacto\/\">Cont\u00e1ctenos<\/a> \u00a1Ahora y hagamos realidad tu proyecto!<\/p>\n<h2>Cambiar de empresa de hosting<\/h2>\n<p>Entendemos las frustraciones de lidiar con planes limitados y estrategias de marketing enga\u00f1osas. En realidad, esta es la raz\u00f3n m\u00e1s com\u00fan por la que nuestros clientes acuden a nosotros en busca de ayuda cuando se trata de pasar de una empresa de hosting a otra. Es por eso que ayudamos a guiar a nuestros clientes hacia el mejor plan y compa\u00f1\u00eda para satisfacer sus necesidades.<\/p>\n<p>Para aquellos que quieren cambiar de empresa de alojamiento de sitios web, sus frustraciones tienden a ser porque su sitio se carga lento y, como soluci\u00f3n, la empresa de alojamiento ha seguido aumentando el precio diciendo que el problema se debe a que el cliente tiene un plan compartido o limitado. El cliente est\u00e1 frustrado porque cay\u00f3 en la t\u00edpica estrategia de marketing que se muestra a continuaci\u00f3n.<\/p>\n<div id=\"attachment_203\" style=\"width: 946px\" class=\"wp-caption aligncenter\"><img loading=\"lazy\" decoding=\"async\" aria-describedby=\"caption-attachment-203\" class=\"wp-image-203 size-full\" src=\"https:\/\/gobigwebdesign.com\/wp-content\/uploads\/2023\/10\/web-hosting-plans.png\" alt=\"\" width=\"936\" height=\"442\" srcset=\"https:\/\/gobigwebdesign.com\/wp-content\/uploads\/2023\/10\/web-hosting-plans.png 936w, https:\/\/gobigwebdesign.com\/wp-content\/uploads\/2023\/10\/web-hosting-plans-480x227.png 480w\" sizes=\"auto, (min-width: 0px) and (max-width: 480px) 480px, (min-width: 481px) 936px, 100vw\" \/><p id=\"caption-attachment-203\" class=\"wp-caption-text\">Precios de SiteGround a partir del 26\/10\/2023<\/p><\/div>\n<p>Tomemos como ejemplo el plan MEJOR VALOR a $4.99\/mes. S\u00ed, el plan dice que tiene un descuento de $29.99\/mes, pero es importante saber que cuando el plan se renueve, ya no tendr\u00e1s ese ahorro de 83%. Teniendo en cuenta que los sitios web tienden a existir durante a\u00f1os, es mejor no dejarse enga\u00f1ar por la tarifa con descuento, sino mirar directamente el valor real que asciende a poco menos de $360 por a\u00f1o.<\/p>\n<p>Con el resto de las especificaciones en ese plan, el problema con el que nosotros y muchas personas hemos tenido problemas es el ancho de banda y los inodos. Aunque no se indica directamente aqu\u00ed, y aunque lo fuera, no es f\u00e1cil de entender, es que estos planes tambi\u00e9n limitan la cantidad de archivos que tienes en el servidor. No solo cu\u00e1ntos megabytes tienes, sino tambi\u00e9n la cantidad real de archivos. No vamos a profundizar demasiado en esto en este art\u00edculo, pero lo que nos gustar\u00eda se\u00f1alar es que es muy importante que la agencia de su sitio web trabaje con usted para encontrar el mejor plan de hosting.<\/p>\n<p>Recientemente pudimos trasladar a un cliente de una empresa de hosting a otra. Debido a que no eran realmente conscientes de sus necesidades y no fueron guiados correctamente, pasaron de pagar $400\/mes al plan GoGeek anterior a la tarifa regular de $44.99\/mes.<\/p>\n<div class='et-box et-info'>\n\t\t\t\t\t<div class='et-box-content'><p>Aunque, hasta cierto punto, criticamos a Siteground mostrando sus precios arriba, utilizamos Siteground para muchos de nuestros sitios web y para muchos clientes. No utilizamos exclusivamente Siteground, pero dependiendo de las necesidades de nuestros clientes, Siteground tiende a ser una buena opci\u00f3n.<\/p>\n<p>Nuestra intenci\u00f3n no es criticar negativamente a Siteground, sino enfatizar la importancia de comprender las limitaciones y condiciones de cada plan.<\/p><\/div><\/div>\n<h2>Cambiar de agencia de gesti\u00f3n de sitios web<\/h2>\n<p>Una situaci\u00f3n a\u00fan m\u00e1s problem\u00e1tica es no tener una l\u00ednea de comunicaci\u00f3n abierta con la agencia administradora de su sitio web. Esta empresa o persona suele ser la que cre\u00f3 su sitio inicialmente, pero ahora gestiona los cambios de contenido, las mejoras de SEO, las actualizaciones de productos de comercio electr\u00f3nico, etc.<\/p>\n<p>Usted, propietario del sitio web, debe tener en cuenta que es el propietario; no el administrador del sitio web ni la empresa gestora. Hemos o\u00eddo hablar muchas veces de empresas o individuos que mantienen como rehenes los sitios web de sus clientes. Se niegan a darles acceso de administrador al sitio o a las cuentas de alojamiento. Sin esta informaci\u00f3n, es sumamente dif\u00edcil cambiar de empresa y muchas veces requiere que se reconstruya el sitio para ser la nueva empresa.<\/p>\n<p>Hemos creado o reconstruido muchos sitios debido a problemas como estos. Una vez que completamos el trabajo, lo primero que hacemos es entregarle las llaves, es decir, las claves de acceso, a usted, el propietario. Aunque la mayor\u00eda de nuestros clientes nos piden que realicemos un mantenimiento mensual en sus sitios web, siempre nos aseguramos de que el cliente tenga acceso completo a su sitio web.<\/p>\n<h2>Conclusi\u00f3n<\/h2>\n<p>Entonces, por cualquier motivo que lo haya llevado a tomar la decisi\u00f3n de migrar su sitio web, es importante mantener las URL iguales para no perder su clasificaci\u00f3n SEO. Tambi\u00e9n es importante asegurarse de que su plan de hosting sea ideal para su proyecto y hacia d\u00f3nde planea ir.<\/p>\n<p>La mayor parte de esto es demasiado t\u00e9cnico para la mayor\u00eda de nuestros clientes, por lo que siempre recomendamos dejarnos manejarlo por usted.<\/p>\n<p><a href=\"https:\/\/gobigwebdesign.com\/es\/contacto\/\">Cont\u00e1ctenos<\/a> para programar una llamada para discutir cu\u00e1les son sus mejores opciones.<\/p>","protected":false},"excerpt":{"rendered":"<p>Es impresionante la frecuencia con la que los clientes terminan cambiando de empresa de alojamiento web, de agencia de gesti\u00f3n web o de ambas. Evidentemente, un cliente que necesita migrar su sitio web a otra empresa de hosting o agencia gestora ya implica que ya tiene un sitio web. Por lo general, no se comunican con nosotros cuando necesitan construir su sitio. La mayor\u00eda de estos [\u2026]<\/p>","protected":false},"author":1,"featured_media":189,"parent":162,"menu_order":0,"comment_status":"closed","ping_status":"closed","template":"","meta":{"_et_pb_use_builder":"","_et_pb_old_content":"","_et_gb_content_width":"","footnotes":""},"class_list":["post-202","page","type-page","status-publish","has-post-thumbnail","hentry"],"jetpack_sharing_enabled":true,"_links":{"self":[{"href":"https:\/\/gobigwebdesign.com\/es\/wp-json\/wp\/v2\/pages\/202","targetHints":{"allow":["GET"]}}],"collection":[{"href":"https:\/\/gobigwebdesign.com\/es\/wp-json\/wp\/v2\/pages"}],"about":[{"href":"https:\/\/gobigwebdesign.com\/es\/wp-json\/wp\/v2\/types\/page"}],"author":[{"embeddable":true,"href":"https:\/\/gobigwebdesign.com\/es\/wp-json\/wp\/v2\/users\/1"}],"replies":[{"embeddable":true,"href":"https:\/\/gobigwebdesign.com\/es\/wp-json\/wp\/v2\/comments?post=202"}],"version-history":[{"count":0,"href":"https:\/\/gobigwebdesign.com\/es\/wp-json\/wp\/v2\/pages\/202\/revisions"}],"up":[{"embeddable":true,"href":"https:\/\/gobigwebdesign.com\/es\/wp-json\/wp\/v2\/pages\/162"}],"wp:featuredmedia":[{"embeddable":true,"href":"https:\/\/gobigwebdesign.com\/es\/wp-json\/wp\/v2\/media\/189"}],"wp:attachment":[{"href":"https:\/\/gobigwebdesign.com\/es\/wp-json\/wp\/v2\/media?parent=202"}],"curies":[{"name":"Gracias","href":"https:\/\/api.w.org\/{rel}","templated":true}]}}